{"id":11,"date":"2023-11-22T21:12:45","date_gmt":"2023-11-23T00:12:45","guid":{"rendered":"https:\/\/industrial.fi.unsj.edu.ar\/?page_id=11"},"modified":"2024-07-08T12:10:08","modified_gmt":"2024-07-08T15:10:08","slug":"novedades","status":"publish","type":"page","link":"https:\/\/industrial.fi.unsj.edu.ar\/?page_id=11","title":{"rendered":"Novedades"},"content":{"rendered":"\t\t<div data-elementor-type=\"wp-page\" data-elementor-id=\"11\" class=\"elementor elementor-11\">\n\t\t\t\t<div class=\"elementor-element elementor-element-257ca19 e-flex e-con-boxed e-con e-parent\" data-id=\"257ca19\" data-element_type=\"container\" data-e-type=\"container\">\n\t\t\t\t\t<div class=\"e-con-inner\">\n\t\t<div class=\"elementor-element elementor-element-64f69ba e-con-full e-flex e-con e-child\" data-id=\"64f69ba\" data-element_type=\"container\" data-e-type=\"container\">\n\t\t\t\t<div class=\"elementor-element elementor-element-94d7e6f elementor-widget elementor-widget-image\" data-id=\"94d7e6f\" data-element_type=\"widget\" data-e-type=\"widget\" data-widget_type=\"image.default\">\n\t\t\t\t<div class=\"elementor-widget-container\">\n\t\t\t\t\t\t\t\t\t\t\t\t\t\t\t<img fetchpriority=\"high\" decoding=\"async\" width=\"640\" height=\"905\" src=\"https:\/\/industrial.fi.unsj.edu.ar\/wp-content\/uploads\/2024\/07\/Imagen-de-WhatsApp-2024-07-04-a-las-12.46.03_32d95d7a-724x1024.jpg\" class=\"attachment-large size-large wp-image-168\" alt=\"\" srcset=\"https:\/\/industrial.fi.unsj.edu.ar\/wp-content\/uploads\/2024\/07\/Imagen-de-WhatsApp-2024-07-04-a-las-12.46.03_32d95d7a-724x1024.jpg 724w, https:\/\/industrial.fi.unsj.edu.ar\/wp-content\/uploads\/2024\/07\/Imagen-de-WhatsApp-2024-07-04-a-las-12.46.03_32d95d7a-212x300.jpg 212w, https:\/\/industrial.fi.unsj.edu.ar\/wp-content\/uploads\/2024\/07\/Imagen-de-WhatsApp-2024-07-04-a-las-12.46.03_32d95d7a-768x1086.jpg 768w, https:\/\/industrial.fi.unsj.edu.ar\/wp-content\/uploads\/2024\/07\/Imagen-de-WhatsApp-2024-07-04-a-las-12.46.03_32d95d7a-1086x1536.jpg 1086w, https:\/\/industrial.fi.unsj.edu.ar\/wp-content\/uploads\/2024\/07\/Imagen-de-WhatsApp-2024-07-04-a-las-12.46.03_32d95d7a.jpg 1131w\" sizes=\"(max-width: 640px) 100vw, 640px\" \/>\t\t\t\t\t\t\t\t\t\t\t\t\t\t\t<\/div>\n\t\t\t\t<\/div>\n\t\t\t\t<\/div>\n\t\t<div class=\"elementor-element elementor-element-b93eaff e-con-full e-flex e-con e-child\" data-id=\"b93eaff\" data-element_type=\"container\" data-e-type=\"container\">\n\t\t\t\t<div class=\"elementor-element elementor-element-e6bd04c elementor-widget elementor-widget-text-editor\" data-id=\"e6bd04c\" data-element_type=\"widget\" data-e-type=\"widget\" data-widget_type=\"text-editor.default\">\n\t\t\t\t<div class=\"elementor-widget-container\">\n\t\t\t\t\t\t\t\t\t<p>Te invitamos al Curso &#8220;Manipulaci\u00f3n Segura de Alimentos Libres de Gluten&#8221; a dictarse en la Facultad de Ingenier\u00eda de la Universidad Nacional de San Juan.<br \/>Contenidos: 4 m\u00f3dulos con 5 evaluaciones<br \/>* M\u00f3dulo 1: Aspectos generales de la celiaqu\u00eda<br \/>* M\u00f3dulo 2: Contaminaci\u00f3n cruzada<br \/>* M\u00f3dulo 3: Manipulaci\u00f3n segura de alimentos libres de gluten<br \/>* M\u00f3dulo 4: Auditor\u00eda interna<br \/>D\u00edas y horarios: <br \/>* Viernes de 15:00 a 19:00 (presencial)<br \/>* S\u00e1bados de 08:00 a 12:00 (virtual)<br \/>Se entregar\u00e1 certificado de asistencia y aprobaci\u00f3n.<br \/>Link de inscripci\u00f3n: <a href=\"https:\/\/forms.gle\/RQgfv2DWD4m6sTPj9\">https:\/\/forms.gle\/RQgfv2DWD4m6sTPj9 <\/a><\/p>\t\t\t\t\t\t\t\t<\/div>\n\t\t\t\t<\/div>\n\t\t\t\t<\/div>\n\t\t\t\t\t<\/div>\n\t\t\t\t<\/div>\n\t\t<div class=\"elementor-element elementor-element-95692ff e-flex e-con-boxed e-con e-parent\" data-id=\"95692ff\" data-element_type=\"container\" data-e-type=\"container\">\n\t\t\t\t\t<div class=\"e-con-inner\">\n\t\t\t\t<div class=\"elementor-element elementor-element-8ec7f45 elementor-widget-divider--view-line elementor-widget elementor-widget-divider\" data-id=\"8ec7f45\" data-element_type=\"widget\" data-e-type=\"widget\" data-widget_type=\"divider.default\">\n\t\t\t\t<div class=\"elementor-widget-container\">\n\t\t\t\t\t\t\t<div class=\"elementor-divider\">\n\t\t\t<span class=\"elementor-divider-separator\">\n\t\t\t\t\t\t<\/span>\n\t\t<\/div>\n\t\t\t\t\t\t<\/div>\n\t\t\t\t<\/div>\n\t\t\t\t\t<\/div>\n\t\t\t\t<\/div>\n\t\t<div class=\"elementor-element elementor-element-4536075 e-flex e-con-boxed e-con e-parent\" data-id=\"4536075\" data-element_type=\"container\" data-e-type=\"container\">\n\t\t\t\t\t<div class=\"e-con-inner\">\n\t\t<div class=\"elementor-element elementor-element-667f8e2 e-con-full e-flex e-con e-child\" data-id=\"667f8e2\" data-element_type=\"container\" data-e-type=\"container\">\n\t\t\t\t<div class=\"elementor-element elementor-element-4fb6d29 elementor-widget elementor-widget-image\" data-id=\"4fb6d29\" data-element_type=\"widget\" data-e-type=\"widget\" data-widget_type=\"image.default\">\n\t\t\t\t<div class=\"elementor-widget-container\">\n\t\t\t\t\t\t\t\t\t\t\t\t\t\t\t<img decoding=\"async\" width=\"640\" height=\"800\" src=\"https:\/\/industrial.fi.unsj.edu.ar\/wp-content\/uploads\/2024\/05\/Imagen-de-WhatsApp-2024-05-20-a-las-19.01.03_59b7c824-819x1024.jpg\" class=\"attachment-large size-large wp-image-163\" alt=\"\" srcset=\"https:\/\/industrial.fi.unsj.edu.ar\/wp-content\/uploads\/2024\/05\/Imagen-de-WhatsApp-2024-05-20-a-las-19.01.03_59b7c824-819x1024.jpg 819w, https:\/\/industrial.fi.unsj.edu.ar\/wp-content\/uploads\/2024\/05\/Imagen-de-WhatsApp-2024-05-20-a-las-19.01.03_59b7c824-240x300.jpg 240w, https:\/\/industrial.fi.unsj.edu.ar\/wp-content\/uploads\/2024\/05\/Imagen-de-WhatsApp-2024-05-20-a-las-19.01.03_59b7c824-768x960.jpg 768w, https:\/\/industrial.fi.unsj.edu.ar\/wp-content\/uploads\/2024\/05\/Imagen-de-WhatsApp-2024-05-20-a-las-19.01.03_59b7c824.jpg 1024w\" sizes=\"(max-width: 640px) 100vw, 640px\" \/>\t\t\t\t\t\t\t\t\t\t\t\t\t\t\t<\/div>\n\t\t\t\t<\/div>\n\t\t\t\t<\/div>\n\t\t<div class=\"elementor-element elementor-element-05017e4 e-con-full e-flex e-con e-child\" data-id=\"05017e4\" data-element_type=\"container\" data-e-type=\"container\">\n\t\t\t\t<div class=\"elementor-element elementor-element-74e8427 elementor-widget elementor-widget-text-editor\" data-id=\"74e8427\" data-element_type=\"widget\" data-e-type=\"widget\" data-widget_type=\"text-editor.default\">\n\t\t\t\t<div class=\"elementor-widget-container\">\n\t\t\t\t\t\t\t\t\t<p>Estimados Estudiantes y Graduados de la FI:<br \/>Tenemos el agrado de invitarlos a participar del concurso Ingenier\u00eda Verde, un concurso de proyectos de ingenier\u00eda co-organizado por nuestra unidad acad\u00e9mica en alianza con Fundaci\u00f3n Lundin y el Proyecto Josemar\u00eda. Este a\u00f1o se realiza la segunda edici\u00f3n del concurso. Si tienen un proyecto, tesis (finalizada o en curso) o emprendimiento vinculado a alguna de las siguientes categor\u00edas:<\/p><p>&#8211; Econom\u00eda Circular<br \/>&#8211; Innovaci\u00f3n Tecnol\u00f3gica<br \/>&#8211; Eficiencia Energ\u00e9tica<br \/>&#8211; Uso eficiente del agua<br \/>&#8211; Energ\u00edas alternativas<br \/><br \/>Pueden obtener un financiamiento de hasta USD 5000* y asesoramiento profesional para convertirlo en una realidad.<\/p><p>Los invitamos a ingresar al sitio web del concurso (<a href=\"https:\/\/ingenieriaverde.unsj.edu.ar\/\">https:\/\/ingenieriaverde.unsj.edu.ar\/<\/a>) y conocer m\u00e1s.<br \/><br \/>Tienen tiempo de postular hasta el 3 de junio, \u00a1no dejen pasar esta oportunidad!<br \/><br \/><br \/>Equipo de Decanato<br \/>Facultad de Ingenier\u00eda<br \/><br \/>(*) El monto m\u00e1ximo de apoyo econ\u00f3mico a otorgar para cada proyecto finalista ser\u00e1 el valor en pesos argentinos equivalente a USD 5.000 (d\u00f3lares estadounidenses cinco mil), tomando el tipo de cambio divisa tipo vendedor del Banco de la Naci\u00f3n Argentina a la fecha de la entrega del mismo.<\/p>\t\t\t\t\t\t\t\t<\/div>\n\t\t\t\t<\/div>\n\t\t\t\t<\/div>\n\t\t\t\t\t<\/div>\n\t\t\t\t<\/div>\n\t\t<div class=\"elementor-element elementor-element-52043aa e-flex e-con-boxed e-con e-parent\" data-id=\"52043aa\" data-element_type=\"container\" data-e-type=\"container\">\n\t\t\t\t\t<div class=\"e-con-inner\">\n\t\t\t\t<div class=\"elementor-element elementor-element-3746422 elementor-widget-divider--view-line elementor-widget elementor-widget-divider\" data-id=\"3746422\" data-element_type=\"widget\" data-e-type=\"widget\" data-widget_type=\"divider.default\">\n\t\t\t\t<div class=\"elementor-widget-container\">\n\t\t\t\t\t\t\t<div class=\"elementor-divider\">\n\t\t\t<span class=\"elementor-divider-separator\">\n\t\t\t\t\t\t<\/span>\n\t\t<\/div>\n\t\t\t\t\t\t<\/div>\n\t\t\t\t<\/div>\n\t\t\t\t\t<\/div>\n\t\t\t\t<\/div>\n\t\t<div class=\"elementor-element elementor-element-3f09446 e-flex e-con-boxed e-con e-parent\" data-id=\"3f09446\" data-element_type=\"container\" data-e-type=\"container\">\n\t\t\t\t\t<div class=\"e-con-inner\">\n\t\t<div class=\"elementor-element elementor-element-e8ec26b e-con-full e-flex e-con e-child\" data-id=\"e8ec26b\" data-element_type=\"container\" data-e-type=\"container\">\n\t\t\t\t<div class=\"elementor-element elementor-element-8e25b0b elementor-widget elementor-widget-image\" data-id=\"8e25b0b\" data-element_type=\"widget\" data-e-type=\"widget\" data-widget_type=\"image.default\">\n\t\t\t\t<div class=\"elementor-widget-container\">\n\t\t\t\t\t\t\t\t\t\t\t\t\t\t\t<img decoding=\"async\" width=\"640\" height=\"800\" src=\"https:\/\/industrial.fi.unsj.edu.ar\/wp-content\/uploads\/2024\/04\/Imagen-de-WhatsApp-2024-04-22-a-las-17.31.01_ecdd17df-819x1024.jpg\" class=\"attachment-large size-large wp-image-154\" alt=\"\" srcset=\"https:\/\/industrial.fi.unsj.edu.ar\/wp-content\/uploads\/2024\/04\/Imagen-de-WhatsApp-2024-04-22-a-las-17.31.01_ecdd17df-819x1024.jpg 819w, https:\/\/industrial.fi.unsj.edu.ar\/wp-content\/uploads\/2024\/04\/Imagen-de-WhatsApp-2024-04-22-a-las-17.31.01_ecdd17df-240x300.jpg 240w, https:\/\/industrial.fi.unsj.edu.ar\/wp-content\/uploads\/2024\/04\/Imagen-de-WhatsApp-2024-04-22-a-las-17.31.01_ecdd17df-768x960.jpg 768w, https:\/\/industrial.fi.unsj.edu.ar\/wp-content\/uploads\/2024\/04\/Imagen-de-WhatsApp-2024-04-22-a-las-17.31.01_ecdd17df.jpg 1125w\" sizes=\"(max-width: 640px) 100vw, 640px\" \/>\t\t\t\t\t\t\t\t\t\t\t\t\t\t\t<\/div>\n\t\t\t\t<\/div>\n\t\t\t\t<\/div>\n\t\t<div class=\"elementor-element elementor-element-d060e20 e-con-full e-flex e-con e-child\" data-id=\"d060e20\" data-element_type=\"container\" data-e-type=\"container\">\n\t\t\t\t<div class=\"elementor-element elementor-element-d28ad08 elementor-widget elementor-widget-text-editor\" data-id=\"d28ad08\" data-element_type=\"widget\" data-e-type=\"widget\" data-widget_type=\"text-editor.default\">\n\t\t\t\t<div class=\"elementor-widget-container\">\n\t\t\t\t\t\t\t\t\t<h3>Estimadas\/os:<\/h3><p>Con motivo de la segunda edici\u00f3n de Ingenier\u00eda Verde, concurso de proyectos de tecnolog\u00eda e innovaci\u00f3n destinado a estudiantes y graduados\/as de la UNSJ, organizado por la Fundaci\u00f3n Lundin, el Proyecto Josemar\u00eda y la Universidad Nacional de San Juan, nos gustar\u00eda invitarle a una reuni\u00f3n para presentarles la propuesta para este a\u00f1o y cronograma de actividades que se llevar\u00e1 a cabo en el marco del mismo.<br \/>El encuentro se realizar\u00e1 este jueves 25 de abril a las 16hs en el Aula 15 &#8211; 1\u00b0Piso del Pabell\u00f3n Central de la Facultad de Ingenier\u00eda. La modalidad ser\u00e1 h\u00edbrida, por lo que solicitamos su inscripci\u00f3n con la finalidad de poder gestionar el nivel de ocupaci\u00f3n de la sala.<br \/>Enlace de inscripci\u00f3n:<\/p><p><a href=\"https:\/\/forms.office.com\/r\/paAHk2b16M\">https:\/\/forms.office.com\/r\/paAHk2b16M<\/a><\/p><p>Esperamos poder contar con su presencia.<\/p><p>Un gran saludo,<\/p><p>Equipo de Decanato<br \/>Facultad de Ingenier\u00eda<\/p>\t\t\t\t\t\t\t\t<\/div>\n\t\t\t\t<\/div>\n\t\t\t\t<\/div>\n\t\t\t\t\t<\/div>\n\t\t\t\t<\/div>\n\t\t<div class=\"elementor-element elementor-element-6dbf4a9 e-flex e-con-boxed e-con e-parent\" data-id=\"6dbf4a9\" data-element_type=\"container\" data-e-type=\"container\">\n\t\t\t\t\t<div class=\"e-con-inner\">\n\t\t\t\t<div class=\"elementor-element elementor-element-ca51904 elementor-widget elementor-widget-heading\" data-id=\"ca51904\" data-element_type=\"widget\" data-e-type=\"widget\" data-widget_type=\"heading.default\">\n\t\t\t\t<div class=\"elementor-widget-container\">\n\t\t\t\t\t<h2 class=\"elementor-heading-title elementor-size-default\">Nueva Diplomatura Universitaria en Gesti\u00f3n de la Calidad<\/h2>\t\t\t\t<\/div>\n\t\t\t\t<\/div>\n\t\t\t\t\t<\/div>\n\t\t\t\t<\/div>\n\t\t<div class=\"elementor-element elementor-element-06f97f1 e-flex e-con-boxed e-con e-parent\" data-id=\"06f97f1\" data-element_type=\"container\" data-e-type=\"container\">\n\t\t\t\t\t<div class=\"e-con-inner\">\n\t\t\t\t<div class=\"elementor-element elementor-element-482f031 elementor-arrows-position-inside elementor-pagination-position-outside elementor-widget elementor-widget-image-carousel\" data-id=\"482f031\" data-element_type=\"widget\" data-e-type=\"widget\" data-settings=\"{&quot;slides_to_show&quot;:&quot;1&quot;,&quot;navigation&quot;:&quot;both&quot;,&quot;autoplay&quot;:&quot;yes&quot;,&quot;pause_on_hover&quot;:&quot;yes&quot;,&quot;pause_on_interaction&quot;:&quot;yes&quot;,&quot;autoplay_speed&quot;:5000,&quot;infinite&quot;:&quot;yes&quot;,&quot;effect&quot;:&quot;slide&quot;,&quot;speed&quot;:500}\" data-widget_type=\"image-carousel.default\">\n\t\t\t\t<div class=\"elementor-widget-container\">\n\t\t\t\t\t\t\t<div class=\"elementor-image-carousel-wrapper swiper\" role=\"region\" aria-roledescription=\"carousel\" aria-label=\"Carrusel de im\u00e1genes\" dir=\"ltr\">\n\t\t\t<div class=\"elementor-image-carousel swiper-wrapper\" aria-live=\"off\">\n\t\t\t\t\t\t\t\t<div class=\"swiper-slide\" role=\"group\" aria-roledescription=\"slide\" aria-label=\"1 of 5\"><figure class=\"swiper-slide-inner\"><img decoding=\"async\" class=\"swiper-slide-image\" src=\"https:\/\/industrial.fi.unsj.edu.ar\/wp-content\/uploads\/2024\/04\/IMG-20240413-WA0004-768x576.jpg\" alt=\"IMG-20240413-WA0004\" \/><\/figure><\/div><div class=\"swiper-slide\" role=\"group\" aria-roledescription=\"slide\" aria-label=\"2 of 5\"><figure class=\"swiper-slide-inner\"><img decoding=\"async\" class=\"swiper-slide-image\" src=\"https:\/\/industrial.fi.unsj.edu.ar\/wp-content\/uploads\/2024\/04\/IMG-20240413-WA0005-768x576.jpg\" alt=\"IMG-20240413-WA0005\" \/><\/figure><\/div><div class=\"swiper-slide\" role=\"group\" aria-roledescription=\"slide\" aria-label=\"3 of 5\"><figure class=\"swiper-slide-inner\"><img decoding=\"async\" class=\"swiper-slide-image\" src=\"https:\/\/industrial.fi.unsj.edu.ar\/wp-content\/uploads\/2024\/04\/IMG-20240413-WA0006-768x576.jpg\" alt=\"IMG-20240413-WA0006\" \/><\/figure><\/div><div class=\"swiper-slide\" role=\"group\" aria-roledescription=\"slide\" aria-label=\"4 of 5\"><figure class=\"swiper-slide-inner\"><img decoding=\"async\" class=\"swiper-slide-image\" src=\"https:\/\/industrial.fi.unsj.edu.ar\/wp-content\/uploads\/2024\/04\/IMG-20240413-WA0007-768x576.jpg\" alt=\"IMG-20240413-WA0007\" \/><\/figure><\/div><div class=\"swiper-slide\" role=\"group\" aria-roledescription=\"slide\" aria-label=\"5 of 5\"><figure class=\"swiper-slide-inner\"><img decoding=\"async\" class=\"swiper-slide-image\" src=\"https:\/\/industrial.fi.unsj.edu.ar\/wp-content\/uploads\/2024\/04\/IMG-20240413-WA0008-768x576.jpg\" alt=\"IMG-20240413-WA0008\" \/><\/figure><\/div>\t\t\t<\/div>\n\t\t\t\t\t\t\t\t\t\t\t\t<div class=\"elementor-swiper-button elementor-swiper-button-prev\" role=\"button\" tabindex=\"0\">\n\t\t\t\t\t\t<svg aria-hidden=\"true\" class=\"e-font-icon-svg e-eicon-chevron-left\" viewBox=\"0 0 1000 1000\" xmlns=\"http:\/\/www.w3.org\/2000\/svg\"><path d=\"M646 125C629 125 613 133 604 142L308 442C296 454 292 471 292 487 292 504 296 521 308 533L604 854C617 867 629 875 646 875 663 875 679 871 692 858 704 846 713 829 713 812 713 796 708 779 692 767L438 487 692 225C700 217 708 204 708 187 708 171 704 154 692 142 675 129 663 125 646 125Z\"><\/path><\/svg>\t\t\t\t\t<\/div>\n\t\t\t\t\t<div class=\"elementor-swiper-button elementor-swiper-button-next\" role=\"button\" tabindex=\"0\">\n\t\t\t\t\t\t<svg aria-hidden=\"true\" class=\"e-font-icon-svg e-eicon-chevron-right\" viewBox=\"0 0 1000 1000\" xmlns=\"http:\/\/www.w3.org\/2000\/svg\"><path d=\"M696 533C708 521 713 504 713 487 713 471 708 454 696 446L400 146C388 133 375 125 354 125 338 125 325 129 313 142 300 154 292 171 292 187 292 204 296 221 308 233L563 492 304 771C292 783 288 800 288 817 288 833 296 850 308 863 321 871 338 875 354 875 371 875 388 867 400 854L696 533Z\"><\/path><\/svg>\t\t\t\t\t<\/div>\n\t\t\t\t\n\t\t\t\t\t\t\t\t\t<div class=\"swiper-pagination\"><\/div>\n\t\t\t\t\t\t\t\t\t<\/div>\n\t\t\t\t\t\t<\/div>\n\t\t\t\t<\/div>\n\t\t\t\t\t<\/div>\n\t\t\t\t<\/div>\n\t\t<div class=\"elementor-element elementor-element-02bca96 e-flex e-con-boxed e-con e-parent\" data-id=\"02bca96\" data-element_type=\"container\" data-e-type=\"container\">\n\t\t\t\t\t<div class=\"e-con-inner\">\n\t\t\t\t<div class=\"elementor-element elementor-element-f6388dd elementor-widget elementor-widget-image\" data-id=\"f6388dd\" data-element_type=\"widget\" data-e-type=\"widget\" data-widget_type=\"image.default\">\n\t\t\t\t<div class=\"elementor-widget-container\">\n\t\t\t\t\t\t\t\t\t\t\t\t\t\t\t<img loading=\"lazy\" decoding=\"async\" width=\"640\" height=\"476\" src=\"https:\/\/industrial.fi.unsj.edu.ar\/wp-content\/uploads\/2024\/03\/WhatsApp-Image-2024-03-15-at-8.47.46-AM.jpeg\" class=\"attachment-large size-large wp-image-88\" alt=\"\" srcset=\"https:\/\/industrial.fi.unsj.edu.ar\/wp-content\/uploads\/2024\/03\/WhatsApp-Image-2024-03-15-at-8.47.46-AM.jpeg 716w, https:\/\/industrial.fi.unsj.edu.ar\/wp-content\/uploads\/2024\/03\/WhatsApp-Image-2024-03-15-at-8.47.46-AM-300x223.jpeg 300w\" sizes=\"(max-width: 640px) 100vw, 640px\" \/>\t\t\t\t\t\t\t\t\t\t\t\t\t\t\t<\/div>\n\t\t\t\t<\/div>\n\t\t\t\t\t<\/div>\n\t\t\t\t<\/div>\n\t\t<div class=\"elementor-element elementor-element-6dc4c1d e-flex e-con-boxed e-con e-parent\" data-id=\"6dc4c1d\" data-element_type=\"container\" data-e-type=\"container\">\n\t\t\t\t\t<div class=\"e-con-inner\">\n\t\t\t\t<div class=\"elementor-element elementor-element-e8c6f75 elementor-widget elementor-widget-text-editor\" data-id=\"e8c6f75\" data-element_type=\"widget\" data-e-type=\"widget\" data-widget_type=\"text-editor.default\">\n\t\t\t\t<div class=\"elementor-widget-container\">\n\t\t\t\t\t\t\t\t\t<p><strong><a href=\"https:\/\/www.unsj.edu.ar\/home\/noticias_detalles\/8063\/1\">https:\/\/www.unsj.edu.ar\/home\/noticias_detalles\/8063\/1<\/a><\/strong><\/p>\t\t\t\t\t\t\t\t<\/div>\n\t\t\t\t<\/div>\n\t\t\t\t\t<\/div>\n\t\t\t\t<\/div>\n\t\t<div class=\"elementor-element elementor-element-069e161 e-flex e-con-boxed e-con e-parent\" data-id=\"069e161\" data-element_type=\"container\" data-e-type=\"container\">\n\t\t\t\t\t<div class=\"e-con-inner\">\n\t\t\t\t<div class=\"elementor-element elementor-element-ea3e85c elementor-widget-divider--view-line elementor-widget elementor-widget-divider\" data-id=\"ea3e85c\" data-element_type=\"widget\" data-e-type=\"widget\" data-widget_type=\"divider.default\">\n\t\t\t\t<div class=\"elementor-widget-container\">\n\t\t\t\t\t\t\t<div class=\"elementor-divider\">\n\t\t\t<span class=\"elementor-divider-separator\">\n\t\t\t\t\t\t<\/span>\n\t\t<\/div>\n\t\t\t\t\t\t<\/div>\n\t\t\t\t<\/div>\n\t\t\t\t\t<\/div>\n\t\t\t\t<\/div>\n\t\t<div class=\"elementor-element elementor-element-6f15c5c e-flex e-con-boxed e-con e-parent\" data-id=\"6f15c5c\" data-element_type=\"container\" data-e-type=\"container\">\n\t\t\t\t\t<div class=\"e-con-inner\">\n\t\t\t\t<div class=\"elementor-element elementor-element-6639c70 elementor-widget elementor-widget-image\" data-id=\"6639c70\" data-element_type=\"widget\" data-e-type=\"widget\" data-widget_type=\"image.default\">\n\t\t\t\t<div class=\"elementor-widget-container\">\n\t\t\t\t\t\t\t\t\t\t\t\t\t\t\t<img loading=\"lazy\" decoding=\"async\" width=\"640\" height=\"480\" src=\"https:\/\/industrial.fi.unsj.edu.ar\/wp-content\/uploads\/2024\/03\/dae43f03-d89a-4e56-b694-32940bc16e28-1024x768.jpg\" class=\"attachment-large size-large wp-image-89\" alt=\"\" srcset=\"https:\/\/industrial.fi.unsj.edu.ar\/wp-content\/uploads\/2024\/03\/dae43f03-d89a-4e56-b694-32940bc16e28-1024x768.jpg 1024w, https:\/\/industrial.fi.unsj.edu.ar\/wp-content\/uploads\/2024\/03\/dae43f03-d89a-4e56-b694-32940bc16e28-300x225.jpg 300w, https:\/\/industrial.fi.unsj.edu.ar\/wp-content\/uploads\/2024\/03\/dae43f03-d89a-4e56-b694-32940bc16e28-768x576.jpg 768w, https:\/\/industrial.fi.unsj.edu.ar\/wp-content\/uploads\/2024\/03\/dae43f03-d89a-4e56-b694-32940bc16e28.jpg 1200w\" sizes=\"(max-width: 640px) 100vw, 640px\" \/>\t\t\t\t\t\t\t\t\t\t\t\t\t\t\t<\/div>\n\t\t\t\t<\/div>\n\t\t\t\t\t<\/div>\n\t\t\t\t<\/div>\n\t\t<div class=\"elementor-element elementor-element-1eb1ab2 e-flex e-con-boxed e-con e-parent\" data-id=\"1eb1ab2\" data-element_type=\"container\" data-e-type=\"container\">\n\t\t\t\t\t<div class=\"e-con-inner\">\n\t\t\t\t<div class=\"elementor-element elementor-element-326a1df elementor-widget elementor-widget-text-editor\" data-id=\"326a1df\" data-element_type=\"widget\" data-e-type=\"widget\" data-widget_type=\"text-editor.default\">\n\t\t\t\t<div class=\"elementor-widget-container\">\n\t\t\t\t\t\t\t\t\t<p><strong><a href=\"https:\/\/www.fi.unsj.edu.ar\/noticias\/noticia\/746\/diplomatura-universitaria-en-gestion-de-la-calidad\">https:\/\/www.fi.unsj.edu.ar\/noticias\/noticia\/746\/diplomatura-universitaria-en-gestion-de-la-calidad<\/a><\/strong><\/p>\t\t\t\t\t\t\t\t<\/div>\n\t\t\t\t<\/div>\n\t\t\t\t\t<\/div>\n\t\t\t\t<\/div>\n\t\t\t\t<\/div>\n\t\t","protected":false},"excerpt":{"rendered":"<p>Te invitamos al Curso &#8220;Manipulaci\u00f3n Segura de Alimentos Libres de Gluten&#8221; a dictarse en la Facultad de Ingenier\u00eda de la Universidad Nacional de San Juan.Contenidos: 4 m\u00f3dulos con 5 evaluaciones* M\u00f3dulo 1: Aspectos generales de la celiaqu\u00eda* M\u00f3dulo 2: Contaminaci\u00f3n cruzada* M\u00f3dulo 3: Manipulaci\u00f3n segura de alimentos libres de gluten* M\u00f3dulo 4: Auditor\u00eda internaD\u00edas y [&hellip;]<\/p>\n","protected":false},"author":1,"featured_media":0,"parent":0,"menu_order":0,"comment_status":"closed","ping_status":"closed","template":"","meta":{"footnotes":""},"class_list":["post-11","page","type-page","status-publish","hentry"],"_links":{"self":[{"href":"https:\/\/industrial.fi.unsj.edu.ar\/index.php?rest_route=\/wp\/v2\/pages\/11","targetHints":{"allow":["GET"]}}],"collection":[{"href":"https:\/\/industrial.fi.unsj.edu.ar\/index.php?rest_route=\/wp\/v2\/pages"}],"about":[{"href":"https:\/\/industrial.fi.unsj.edu.ar\/index.php?rest_route=\/wp\/v2\/types\/page"}],"author":[{"embeddable":true,"href":"https:\/\/industrial.fi.unsj.edu.ar\/index.php?rest_route=\/wp\/v2\/users\/1"}],"replies":[{"embeddable":true,"href":"https:\/\/industrial.fi.unsj.edu.ar\/index.php?rest_route=%2Fwp%2Fv2%2Fcomments&post=11"}],"version-history":[{"count":19,"href":"https:\/\/industrial.fi.unsj.edu.ar\/index.php?rest_route=\/wp\/v2\/pages\/11\/revisions"}],"predecessor-version":[{"id":171,"href":"https:\/\/industrial.fi.unsj.edu.ar\/index.php?rest_route=\/wp\/v2\/pages\/11\/revisions\/171"}],"wp:attachment":[{"href":"https:\/\/industrial.fi.unsj.edu.ar\/index.php?rest_route=%2Fwp%2Fv2%2Fmedia&parent=11"}],"curies":[{"name":"wp","href":"https:\/\/api.w.org\/{rel}","templated":true}]}}